{"id":13276,"date":"2026-04-14T22:08:17","date_gmt":"2026-04-14T19:08:17","guid":{"rendered":"https:\/\/mini-talks.org\/mini-settings-2\/"},"modified":"2026-04-14T22:13:10","modified_gmt":"2026-04-14T19:13:10","slug":"follow-us","status":"publish","type":"page","link":"https:\/\/mini-talks.org\/da\/follow-us\/","title":{"rendered":"F\u00f8lg os"},"content":{"rendered":"<div data-elementor-type=\"wp-page\" data-elementor-id=\"13276\" class=\"elementor elementor-13276\">\n\t\t\t\t\t\t\t\t\t<section class=\"elementor-section elementor-top-section elementor-element elementor-element-83b4d58 elementor-section-full_width elementor-section-height-default elementor-section-height-default\" data-id=\"83b4d58\" data-element_type=\"section\">\n\t\t\t\t\t\t<div class=\"elementor-container elementor-column-gap-default\">\n\t\t\t\t\t<div class=\"elementor-column elementor-col-100 elementor-top-column elementor-element elementor-element-e26f755\" data-id=\"e26f755\" data-element_type=\"column\">\n\t\t\t<div class=\"elementor-widget-wrap elementor-element-populated\">\n\t\t\t\t\t\t\t\t<div class=\"elementor-element elementor-element-927c65e elementor-widget elementor-widget-html\" data-id=\"927c65e\" data-element_type=\"widget\" data-widget_type=\"html.default\">\n\t\t\t\t<div class=\"elementor-widget-container\">\n\t\t\t<!-- ============================================\r\n     FOLLOW US \u2014 HERO + SOCIAL CARDS + FEEDS (EN)\r\n     Elementor > HTML Widget\r\n============================================ -->\r\n<style>\r\n@import url('https:\/\/fonts.googleapis.com\/css2?family=Montserrat:wght@400;600;700;800;900&display=swap');\r\n\r\n.fu-wrapper { width: 82%; margin: 0 auto; padding: 40px 0; font-family: 'Montserrat', sans-serif; overflow: visible; }\r\n\r\n\/* ===== HERO ===== *\/\r\n.fu-hero { display: flex; align-items: flex-start; gap: 40px; margin-bottom: 40px; }\r\n.fu-hero-left { flex-shrink: 0; }\r\n.fu-hero-title {\r\n  font-family: 'Montserrat', sans-serif; font-weight: 900; font-size: clamp(32px, 3.5vw, 52px);\r\n  color: #FFFFFF; -webkit-text-stroke: 3px #E52828; paint-order: stroke fill;\r\n  text-shadow: 3px 3px 0 #E52828, -3px -3px 0 #E52828, 3px -3px 0 #E52828, -3px 3px 0 #E52828, 0 3px 0 #E52828, 0 -3px 0 #E52828, 3px 0 0 #E52828, -3px 0 0 #E52828;\r\n  margin: 0 0 12px 0; line-height: 1.1;\r\n}\r\n\/* Color bars *\/\r\n.fu-hero-bars { display: flex; gap: 0; width: 100%; height: 10px; overflow: hidden; }\r\n.fu-hero-bars span { flex: 1; height: 100%; }\r\n\r\n.fu-hero-desc { flex: 1; }\r\n.fu-hero-desc p { font-family: 'Montserrat', sans-serif; font-weight: 600; font-size: clamp(14px, 1.2vw, 17px); color: #1D1D1B; line-height: 1.6; margin: 0 0 12px 0; }\r\n\r\n\/* ===== BRICK-UP NOTE ===== *\/\r\n.fu-note {\r\n  border: 3px solid #1D1D1B; border-bottom: 8px solid #1D1D1B;\r\n  border-radius: 14px; padding: 18px 28px; text-align: center; margin-bottom: 40px;\r\n}\r\n.fu-note p { font-family: 'Montserrat', sans-serif; font-weight: 700; font-size: clamp(14px, 1.2vw, 17px); color: #1D1D1B; margin: 0; }\r\n\r\n\/* ===== SOCIAL CARDS \u2014 colored frame + white inner (like symptom slider) ===== *\/\r\n.fu-cards { display: grid; grid-template-columns: repeat(3, 1fr); gap: 24px; margin-bottom: 60px; }\r\n\r\n.fu-card { display: flex; flex-direction: column; overflow: visible; }\r\n\r\n\/* Studs *\/\r\n.fu-card-studs {\r\n  width: 100% !important; height: 38px !important;\r\n  background-repeat: no-repeat !important;\r\n  background-position: center bottom !important;\r\n  background-size: 100% auto !important;\r\n}\r\n.fu-card-studs.stud-yellow { background-image: url('https:\/\/mini-talks.org\/wp-content\/uploads\/2026\/02\/yeni-3-sari.png') !important; }\r\n.fu-card-studs.stud-red { background-image: url('https:\/\/mini-talks.org\/wp-content\/uploads\/2026\/02\/yeni-3-kirmizi.png') !important; }\r\n.fu-card-studs.stud-blue { background-image: url('https:\/\/mini-talks.org\/wp-content\/uploads\/2026\/02\/yeni-3-mavi.png') !important; }\r\n\r\n\/* Colored frame \u2014 thicker top *\/\r\n.fu-card-frame {\r\n  padding: 12px 8px 8px; border-radius: 16px;\r\n  display: flex; flex-direction: column; flex: 1;\r\n}\r\n.fu-card-frame.frame-yellow { background: #FFCC00; }\r\n.fu-card-frame.frame-red { background: #E52828; }\r\n.fu-card-frame.frame-blue { background: #0055BF; }\r\n\r\n\/* White inner *\/\r\n.fu-card-inner {\r\n  background: #FFFFFF; border-radius: 10px;\r\n  padding: 28px 20px 24px; flex: 1;\r\n  display: flex; flex-direction: column; align-items: center; gap: 14px; text-align: center;\r\n}\r\n\r\n.fu-card-icon { height: 56px; display: flex; align-items: center; justify-content: center; }\r\n.fu-card-icon img { height: 56px; width: auto; object-fit: contain; }\r\n\r\n.fu-card-name {\r\n  font-family: 'Montserrat', sans-serif; font-weight: 900;\r\n  font-size: clamp(18px, 1.6vw, 24px); color: #1D1D1B;\r\n}\r\n\r\n.fu-card-desc {\r\n  font-family: 'Montserrat', sans-serif; font-weight: 600;\r\n  font-size: clamp(13px, 1.1vw, 15px); color: #1D1D1B; line-height: 1.5;\r\n}\r\n\r\n\/* Buttons \u2014 thick black bottom border *\/\r\n.fu-card-btn {\r\n  display: inline-block !important; padding: 10px 28px !important;\r\n  border: 2px solid #1D1D1B !important; border-bottom: 5px solid #1D1D1B !important;\r\n  border-radius: 8px !important; font-family: 'Montserrat', sans-serif !important;\r\n  font-weight: 800 !important; font-size: 14px !important; text-decoration: none !important;\r\n  cursor: pointer !important; transition: background 0.2s, color 0.2s !important;\r\n  background: transparent !important; color: #1D1D1B !important;\r\n}\r\n.fu-card-btn.btn-yellow:hover { background: #FFCC00 !important; }\r\n.fu-card-btn.btn-red:hover { background: #E52828 !important; color: #FFF !important; }\r\n.fu-card-btn.btn-blue:hover { background: #0055BF !important; color: #FFF !important; }\r\n\r\n\/* ===== FEED SECTIONS ===== *\/\r\n.fu-feed-section { margin-bottom: 50px; }\r\n\r\n.fu-feed-title {\r\n  font-family: 'Montserrat', sans-serif; font-weight: 900;\r\n  font-size: clamp(20px, 2vw, 30px); margin: 0 0 16px 0; line-height: 1.15;\r\n  color: #FFFFFF; paint-order: stroke fill;\r\n}\r\n.fu-feed-title.title-yellow {\r\n  -webkit-text-stroke: 2px #FFCC00;\r\n  text-shadow: 2px 2px 0 #FFCC00, -2px -2px 0 #FFCC00, 2px -2px 0 #FFCC00, -2px 2px 0 #FFCC00, 0 2px 0 #FFCC00, 0 -2px 0 #FFCC00, 2px 0 0 #FFCC00, -2px 0 0 #FFCC00;\r\n}\r\n.fu-feed-title.title-red {\r\n  -webkit-text-stroke: 2px #E52828;\r\n  text-shadow: 2px 2px 0 #E52828, -2px -2px 0 #E52828, 2px -2px 0 #E52828, -2px 2px 0 #E52828, 0 2px 0 #E52828, 0 -2px 0 #E52828, 2px 0 0 #E52828, -2px 0 0 #E52828;\r\n}\r\n.fu-feed-title.title-blue {\r\n  -webkit-text-stroke: 2px #0055BF;\r\n  text-shadow: 2px 2px 0 #0055BF, -2px -2px 0 #0055BF, 2px -2px 0 #0055BF, -2px 2px 0 #0055BF, 0 2px 0 #0055BF, 0 -2px 0 #0055BF, 2px 0 0 #0055BF, -2px 0 0 #0055BF;\r\n}\r\n\r\n\/* Feed slider *\/\r\n.fu-feed-container { position: relative; }\r\n.fu-feed-grid { display: grid; grid-template-columns: repeat(3, 1fr); gap: 16px; }\r\n.fu-feed-item { background: #F0F0F0; border-radius: 12px; aspect-ratio: 4\/3; }\r\n\r\n.fu-feed-arrow {\r\n  position: absolute !important; top: 50% !important; transform: translateY(-50%) !important;\r\n  background: none !important; border: none !important; cursor: pointer !important;\r\n  font-size: 48px !important; font-weight: 300 !important; line-height: 1 !important;\r\n  display: flex !important; align-items: center !important; justify-content: center !important;\r\n  z-index: 3 !important; padding: 0 !important; margin: 0 !important;\r\n  width: auto !important; height: auto !important;\r\n  border-radius: 0 !important; box-shadow: none !important; outline: none !important;\r\n  transition: color 0.2s !important;\r\n}\r\n.fu-feed-arrow-left { left: -56px !important; color: rgba(0,0,0,0.15) !important; }\r\n.fu-feed-arrow-right { right: -56px !important; color: rgba(0,0,0,0.45) !important; }\r\n.fu-feed-arrow:hover { color: rgba(0,0,0,0.7) !important; background: none !important; }\r\n\r\n\/* Feed dots \u2014 square *\/\r\n.fu-feed-dots { display: flex; justify-content: center; gap: 6px; margin-top: 16px; }\r\n.fu-feed-dot { width: 10px; height: 10px; border-radius: 2px; opacity: 0.3; }\r\n.fu-feed-dot.active { opacity: 1; }\r\n.fu-feed-dot.dot-yellow { background: #FFCC00; }\r\n.fu-feed-dot.dot-red { background: #E52828; }\r\n.fu-feed-dot.dot-blue { background: #0055BF; }\r\n\r\n@media (max-width: 768px) {\r\n  .fu-wrapper { width: 92%; }\r\n  .fu-hero { flex-direction: column; }\r\n  .fu-cards { grid-template-columns: 1fr; }\r\n  .fu-feed-grid { grid-template-columns: 1fr; }\r\n  .fu-feed-arrow { display: none !important; }\r\n}\r\n<\/style>\r\n\r\n<div class=\"fu-wrapper\">\r\n\r\n  <!-- HERO -->\r\n  <div class=\"fu-hero\">\r\n    <div class=\"fu-hero-left\">\r\n      <div class=\"fu-hero-title\">F\u00f8lg os<\/div>\r\n      <div class=\"fu-hero-bars\">\r\n        <span style=\"background:#E52828\"><\/span><span style=\"background:#FFCC00\"><\/span><span style=\"background:#0055BF\"><\/span><span style=\"background:#237841\"><\/span>\r\n      <\/div>\r\n    <\/div>\r\n    <div class=\"fu-hero-desc\">\r\n      <p>Hos Mini-Talks er det vores m\u00e5l at skabe milj\u00f8er, hvor alle b\u00f8rn kan udtrykke deres stemme.<\/p>\r\n      <p>Ved at f\u00f8lge os hj\u00e6lper du os med at dele denne tilgang og n\u00e5 ud til flere b\u00f8rn og familier.<\/p>\r\n      <p>Sammen kan vi \u00f8ge bevidstheden om kommunikationsudfordringer som selektiv mutisme og angstrelaterede kommunikationsvanskeligheder.<\/p>\r\n      <p>F\u00f8lg os for at se opdateringer, events, f\u00e6lles oplevelser og sm\u00e5 \u00f8jeblikke, der g\u00f8r en stor forskel.<\/p>\r\n    <\/div>\r\n  <\/div>\r\n\r\n  <!-- Brick-Up note -->\r\n  <div class=\"fu-note\">\r\n    <p>Mini-Talks er en del af Brick-Up - et socialt innovationsinitiativ, der bruger LEGO-baseret design til at skabe effekt.<\/p>\r\n  <\/div>\r\n\r\n  <!-- Social Cards \u2014 frame + white inner -->\r\n  <div class=\"fu-cards\">\r\n\r\n    <!-- Instagram \u2014 Yellow -->\r\n    <div class=\"fu-card\">\r\n      <div class=\"fu-card-studs stud-yellow\"><\/div>\r\n      <div class=\"fu-card-frame frame-yellow\">\r\n        <div class=\"fu-card-inner\">\r\n          <div class=\"fu-card-icon\">\r\n            <img decoding=\"async\" src=\"https:\/\/mini-talks.org\/wp-content\/uploads\/2026\/04\/Instagram_icon-scaled.png\" alt=\"Instagram\" \/>\r\n          <\/div>\r\n          <div class=\"fu-card-name\">Instagram<\/div>\r\n          <div class=\"fu-card-desc\">F\u00f8lg Mini-Talks og Brick-Up-opdateringer<\/div>\r\n          <a class=\"fu-card-btn btn-yellow\" href=\"#\">F\u00f8lg med<\/a>\r\n        <\/div>\r\n      <\/div>\r\n    <\/div>\r\n\r\n    <!-- YouTube \u2014 Red -->\r\n    <div class=\"fu-card\">\r\n      <div class=\"fu-card-studs stud-red\"><\/div>\r\n      <div class=\"fu-card-frame frame-red\">\r\n        <div class=\"fu-card-inner\">\r\n          <div class=\"fu-card-icon\">\r\n            <img decoding=\"async\" src=\"https:\/\/mini-talks.org\/wp-content\/uploads\/2026\/04\/Youtube_logo.png\" alt=\"Youtube\" \/>\r\n          <\/div>\r\n          <div class=\"fu-card-name\">Youtube<\/div>\r\n          <div class=\"fu-card-desc\">Se historier og oplevelser<\/div>\r\n          <a class=\"fu-card-btn btn-red\" href=\"#\">Se her<\/a>\r\n        <\/div>\r\n      <\/div>\r\n    <\/div>\r\n\r\n    <!-- LinkedIn \u2014 Blue -->\r\n    <div class=\"fu-card\">\r\n      <div class=\"fu-card-studs stud-blue\"><\/div>\r\n      <div class=\"fu-card-frame frame-blue\">\r\n        <div class=\"fu-card-inner\">\r\n          <div class=\"fu-card-icon\">\r\n            <img decoding=\"async\" src=\"https:\/\/mini-talks.org\/wp-content\/uploads\/2026\/04\/LinkedIn_logo_initials.png\" alt=\"LinkedIn\" \/>\r\n          <\/div>\r\n          <div class=\"fu-card-name\">LinkedIn<\/div>\r\n          <div class=\"fu-card-desc\">Opret forbindelse p\u00e5 LinkedIn<\/div>\r\n          <a class=\"fu-card-btn btn-blue\" href=\"#\">Opret forbindelse<\/a>\r\n        <\/div>\r\n      <\/div>\r\n    <\/div>\r\n\r\n  <\/div>\r\n\r\n  <!-- ===== FEED: Instagram ===== -->\r\n  <div class=\"fu-feed-section\">\r\n    <div class=\"fu-feed-title title-yellow\">Instagram<\/div>\r\n    <div class=\"fu-feed-container\">\r\n      <button class=\"fu-feed-arrow fu-feed-arrow-left\">'<\/button>\r\n      <div class=\"fu-feed-grid\">\r\n        <div class=\"fu-feed-item\"><\/div><div class=\"fu-feed-item\"><\/div><div class=\"fu-feed-item\"><\/div>\r\n      <\/div>\r\n      <button class=\"fu-feed-arrow fu-feed-arrow-right\">'<\/button>\r\n    <\/div>\r\n    <div class=\"fu-feed-dots\">\r\n      <div class=\"fu-feed-dot dot-yellow active\"><\/div><div class=\"fu-feed-dot dot-yellow\"><\/div><div class=\"fu-feed-dot dot-yellow\"><\/div><div class=\"fu-feed-dot dot-yellow\"><\/div><div class=\"fu-feed-dot dot-yellow\"><\/div><div class=\"fu-feed-dot dot-yellow\"><\/div><div class=\"fu-feed-dot dot-yellow\"><\/div><div class=\"fu-feed-dot dot-yellow\"><\/div>\r\n    <\/div>\r\n  <\/div>\r\n\r\n  <!-- ===== FEED: YouTube ===== -->\r\n  <div class=\"fu-feed-section\">\r\n    <div class=\"fu-feed-title title-red\">Youtube<\/div>\r\n    <div class=\"fu-feed-container\">\r\n      <button class=\"fu-feed-arrow fu-feed-arrow-left\">'<\/button>\r\n      <div class=\"fu-feed-grid\">\r\n        <div class=\"fu-feed-item\"><\/div><div class=\"fu-feed-item\"><\/div><div class=\"fu-feed-item\"><\/div>\r\n      <\/div>\r\n      <button class=\"fu-feed-arrow fu-feed-arrow-right\">'<\/button>\r\n    <\/div>\r\n    <div class=\"fu-feed-dots\">\r\n      <div class=\"fu-feed-dot dot-red active\"><\/div><div class=\"fu-feed-dot dot-red\"><\/div><div class=\"fu-feed-dot dot-red\"><\/div><div class=\"fu-feed-dot dot-red\"><\/div><div class=\"fu-feed-dot dot-red\"><\/div><div class=\"fu-feed-dot dot-red\"><\/div><div class=\"fu-feed-dot dot-red\"><\/div><div class=\"fu-feed-dot dot-red\"><\/div>\r\n    <\/div>\r\n  <\/div>\r\n\r\n  <!-- ===== FEED: LinkedIn ===== -->\r\n  <div class=\"fu-feed-section\">\r\n    <div class=\"fu-feed-title title-blue\">LinkedIn<\/div>\r\n    <div class=\"fu-feed-container\">\r\n      <button class=\"fu-feed-arrow fu-feed-arrow-left\">'<\/button>\r\n      <div class=\"fu-feed-grid\">\r\n        <div class=\"fu-feed-item\"><\/div><div class=\"fu-feed-item\"><\/div><div class=\"fu-feed-item\"><\/div>\r\n      <\/div>\r\n      <button class=\"fu-feed-arrow fu-feed-arrow-right\">'<\/button>\r\n    <\/div>\r\n    <div class=\"fu-feed-dots\">\r\n      <div class=\"fu-feed-dot dot-blue active\"><\/div><div class=\"fu-feed-dot dot-blue\"><\/div><div class=\"fu-feed-dot dot-blue\"><\/div><div class=\"fu-feed-dot dot-blue\"><\/div><div class=\"fu-feed-dot dot-blue\"><\/div><div class=\"fu-feed-dot dot-blue\"><\/div><div class=\"fu-feed-dot dot-blue\"><\/div><div class=\"fu-feed-dot dot-blue\"><\/div>\r\n    <\/div>\r\n  <\/div>\r\n\r\n<\/div>\t\t<\/div>\n\t\t\t\t<\/div>\n\t\t\t\t\t<\/div>\n\t\t<\/div>\n\t\t\t\t\t\t\t<\/div>\n\t\t<\/section>\n\t\t\t\t\t\t\t<\/div>","protected":false},"excerpt":{"rendered":"<p>Follow Us At Mini-Talks, our goal is to create environments where every child can express their voice. By following us, you help us share this approach and reach more children and families. Together, we can raise awareness about communication challenges such as selective mutism and anxiety-related communication difficulties. Follow us to discover updates, events, shared&hellip; <a class=\"more-link\" href=\"https:\/\/mini-talks.org\/da\/follow-us\/\">L\u00e6s mere <span class=\"screen-reader-text\">F\u00f8lg os<\/span><\/a><\/p>","protected":false},"author":3,"featured_media":0,"parent":0,"menu_order":0,"comment_status":"closed","ping_status":"closed","template":"elementor_header_footer","meta":{"_monsterinsights_skip_tracking":false,"_monsterinsights_sitenote_active":false,"_monsterinsights_sitenote_note":"","_monsterinsights_sitenote_category":0,"footnotes":""},"class_list":["post-13276","page","type-page","status-publish","hentry","entry"],"_links":{"self":[{"href":"https:\/\/mini-talks.org\/da\/wp-json\/wp\/v2\/pages\/13276","targetHints":{"allow":["GET"]}}],"collection":[{"href":"https:\/\/mini-talks.org\/da\/wp-json\/wp\/v2\/pages"}],"about":[{"href":"https:\/\/mini-talks.org\/da\/wp-json\/wp\/v2\/types\/page"}],"author":[{"embeddable":true,"href":"https:\/\/mini-talks.org\/da\/wp-json\/wp\/v2\/users\/3"}],"replies":[{"embeddable":true,"href":"https:\/\/mini-talks.org\/da\/wp-json\/wp\/v2\/comments?post=13276"}],"version-history":[{"count":7,"href":"https:\/\/mini-talks.org\/da\/wp-json\/wp\/v2\/pages\/13276\/revisions"}],"predecessor-version":[{"id":13283,"href":"https:\/\/mini-talks.org\/da\/wp-json\/wp\/v2\/pages\/13276\/revisions\/13283"}],"wp:attachment":[{"href":"https:\/\/mini-talks.org\/da\/wp-json\/wp\/v2\/media?parent=13276"}],"curies":[{"name":"wp","href":"https:\/\/api.w.org\/{rel}","templated":true}]}}